{"id":2405,"date":"2025-05-13T10:15:35","date_gmt":"2025-05-13T10:15:35","guid":{"rendered":"https:\/\/corporate.pslzero6.net\/homepage-2\/"},"modified":"2025-10-03T05:47:52","modified_gmt":"2025-10-03T05:47:52","slug":"homepage-2","status":"publish","type":"page","link":"https:\/\/corporate.pslzero6.net\/pt-br\/","title":{"rendered":"Homepage"},"content":{"rendered":"\t\t<div data-elementor-type=\"wp-page\" data-elementor-id=\"2405\" class=\"elementor elementor-2405 elementor-1526\">\n\t\t\t\t<div class=\"elementor-element elementor-element-339f557 e-flex e-con-boxed wpr-particle-no wpr-jarallax-no wpr-parallax-no wpr-sticky-section-no e-con e-parent\" data-id=\"339f557\" data-element_type=\"container\">\n\t\t\t\t\t<div class=\"e-con-inner\">\n\t\t<div class=\"elementor-element elementor-element-401a9ec e-con-full e-flex wpr-particle-no wpr-jarallax-no wpr-parallax-no wpr-sticky-section-no e-con e-child\" data-id=\"401a9ec\" data-element_type=\"container\">\n\t\t\t\t<div class=\"elementor-element elementor-element-fe8ee91 elementor-widget elementor-widget-heading\" data-id=\"fe8ee91\" data-element_type=\"widget\" data-widget_type=\"heading.default\">\n\t\t\t\t<div class=\"elementor-widget-container\">\n\t\t\t\t\t<h3 class=\"elementor-heading-title elementor-size-default\">\u00c1rea Corporativa \u2013 Gest\u00e3o da Equipe Educacional PSL Zero6<\/h3>\t\t\t\t<\/div>\n\t\t\t\t<\/div>\n\t\t\t\t<div class=\"elementor-element elementor-element-ac7f022 elementor-widget elementor-widget-text-editor\" data-id=\"ac7f022\" data-element_type=\"widget\" data-widget_type=\"text-editor.default\">\n\t\t\t\t<div class=\"elementor-widget-container\">\n\t\t\t\t\t\t\t\t\t<p>O PSL Zero6 \u00e9 um projeto dedicado \u00e0 educa\u00e7\u00e3o de crian\u00e7as de 0 a 6 anos, baseado em uma organiza\u00e7\u00e3o estruturada e colaborativa. Dentro do nosso sistema, diversos profissionais trabalham em sinergia para garantir um ambiente educacional de qualidade.<\/p><p>\ud83d\udd39 <strong>Grupos<\/strong>: As equipes de servi\u00e7os educacionais s\u00e3o compostas por profissionais especializados, como professores, educadores, coordenadores e pedagogos. Cada grupo atua com uma abordagem integrada, garantindo o bem-estar e o desenvolvimento harmonioso das crian\u00e7as.<\/p><p>\ud83d\udd39 <strong>Colaboradores<\/strong>: Al\u00e9m dos profissionais da educa\u00e7\u00e3o, existem membros da organiza\u00e7\u00e3o ou empresa que contribuem para o projeto sem atuar diretamente nos servi\u00e7os educacionais. Seu papel \u00e9 fundamental para o suporte organizacional, gerencial e administrativo, garantindo efici\u00eancia e qualidade na oferta educacional.<\/p><p>Gra\u00e7as a essa estrutura, o PSL Zero6 cria um ecossistema educacional din\u00e2mico e inovador.<\/p>\t\t\t\t\t\t\t\t<\/div>\n\t\t\t\t<\/div>\n\t\t\t\t<\/div>\n\t\t\t\t\t<\/div>\n\t\t\t\t<\/div>\n\t\t\t\t<\/div>\n\t\t","protected":false},"excerpt":{"rendered":"<p>\u00c1rea Corporativa \u2013 Gest\u00e3o da Equipe Educacional PSL Zero6 O PSL Zero6 \u00e9 um projeto dedicado \u00e0 educa\u00e7\u00e3o de crian\u00e7as de 0 a 6 anos, baseado em uma organiza\u00e7\u00e3o estruturada e colaborativa. Dentro do nosso sistema, diversos profissionais trabalham em sinergia para garantir um ambiente educacional de qualidade. \ud83d\udd39 Grupos: As equipes de servi\u00e7os educacionais s\u00e3o compostas por profissionais especializados, como professores, educadores, coordenadores e pedagogos. Cada grupo atua com uma abordagem integrada, garantindo o bem-estar e o desenvolvimento harmonioso das crian\u00e7as. \ud83d\udd39 Colaboradores: Al\u00e9m dos profissionais da educa\u00e7\u00e3o, existem membros da organiza\u00e7\u00e3o ou empresa que contribuem para o projeto sem atuar diretamente nos servi\u00e7os educacionais. Seu papel \u00e9 fundamental para o suporte organizacional, gerencial e administrativo, garantindo efici\u00eancia e qualidade na oferta educacional. Gra\u00e7as a essa estrutura, o PSL Zero6 cria um ecossistema educacional din\u00e2mico e inovador.<\/p>\n","protected":false},"author":1,"featured_media":0,"parent":0,"menu_order":0,"comment_status":"closed","ping_status":"closed","template":"","meta":{"_acf_changed":false,"inline_featured_image":false,"footnotes":""},"class_list":["post-2405","page","type-page","status-publish","hentry"],"acf":[],"yoast_head":"<!-- This site is optimized with the Yoast SEO plugin v26.1.1 - https:\/\/yoast.com\/wordpress\/plugins\/seo\/ -->\n<title>Homepage - Corporate<\/title>\n<meta name=\"robots\" content=\"noindex, follow, max-snippet:-1, max-image-preview:large, max-video-preview:-1\" \/>\n<meta property=\"og:locale\" content=\"pt_BR\" \/>\n<meta property=\"og:type\" content=\"article\" \/>\n<meta property=\"og:title\" content=\"Homepage - Corporate\" \/>\n<meta property=\"og:description\" content=\"\u00c1rea Corporativa \u2013 Gest\u00e3o da Equipe Educacional PSL Zero6 O PSL Zero6 \u00e9 um projeto dedicado \u00e0 educa\u00e7\u00e3o de crian\u00e7as de 0 a 6 anos, baseado em uma organiza\u00e7\u00e3o estruturada e colaborativa. Dentro do nosso sistema, diversos profissionais trabalham em sinergia para garantir um ambiente educacional de qualidade. \ud83d\udd39 Grupos: As equipes de servi\u00e7os educacionais s\u00e3o compostas por profissionais especializados, como professores, educadores, coordenadores e pedagogos. Cada grupo atua com uma abordagem integrada, garantindo o bem-estar e o desenvolvimento harmonioso das crian\u00e7as. \ud83d\udd39 Colaboradores: Al\u00e9m dos profissionais da educa\u00e7\u00e3o, existem membros da organiza\u00e7\u00e3o ou empresa que contribuem para o projeto sem atuar diretamente nos servi\u00e7os educacionais. Seu papel \u00e9 fundamental para o suporte organizacional, gerencial e administrativo, garantindo efici\u00eancia e qualidade na oferta educacional. Gra\u00e7as a essa estrutura, o PSL Zero6 cria um ecossistema educacional din\u00e2mico e inovador.\" \/>\n<meta property=\"og:url\" content=\"https:\/\/corporate.pslzero6.net\/pt-br\/\" \/>\n<meta property=\"og:site_name\" content=\"Corporate\" \/>\n<meta property=\"article:modified_time\" content=\"2025-10-03T05:47:52+00:00\" \/>\n<meta name=\"twitter:card\" content=\"summary_large_image\" \/>\n<meta name=\"twitter:label1\" content=\"Est. tempo de leitura\" \/>\n\t<meta name=\"twitter:data1\" content=\"2 minutos\" \/>\n<script type=\"application\/ld+json\" class=\"yoast-schema-graph\">{\"@context\":\"https:\/\/schema.org\",\"@graph\":[{\"@type\":\"WebPage\",\"@id\":\"https:\/\/corporate.pslzero6.net\/pt-br\/\",\"url\":\"https:\/\/corporate.pslzero6.net\/pt-br\/\",\"name\":\"Homepage - Corporate\",\"isPartOf\":{\"@id\":\"https:\/\/corporate.pslzero6.net\/#website\"},\"datePublished\":\"2025-05-13T10:15:35+00:00\",\"dateModified\":\"2025-10-03T05:47:52+00:00\",\"breadcrumb\":{\"@id\":\"https:\/\/corporate.pslzero6.net\/pt-br\/#breadcrumb\"},\"inLanguage\":\"pt-BR\",\"potentialAction\":[{\"@type\":\"ReadAction\",\"target\":[\"https:\/\/corporate.pslzero6.net\/pt-br\/\"]}]},{\"@type\":\"BreadcrumbList\",\"@id\":\"https:\/\/corporate.pslzero6.net\/pt-br\/#breadcrumb\",\"itemListElement\":[{\"@type\":\"ListItem\",\"position\":1,\"name\":\"Home\",\"item\":\"https:\/\/corporate.pslzero6.net\/pt-br\/\"},{\"@type\":\"ListItem\",\"position\":2,\"name\":\"Homepage\"}]},{\"@type\":\"WebSite\",\"@id\":\"https:\/\/corporate.pslzero6.net\/#website\",\"url\":\"https:\/\/corporate.pslzero6.net\/\",\"name\":\"Corporate\",\"description\":\"\",\"publisher\":{\"@id\":\"https:\/\/corporate.pslzero6.net\/#organization\"},\"potentialAction\":[{\"@type\":\"SearchAction\",\"target\":{\"@type\":\"EntryPoint\",\"urlTemplate\":\"https:\/\/corporate.pslzero6.net\/?s={search_term_string}\"},\"query-input\":{\"@type\":\"PropertyValueSpecification\",\"valueRequired\":true,\"valueName\":\"search_term_string\"}}],\"inLanguage\":\"pt-BR\"},{\"@type\":\"Organization\",\"@id\":\"https:\/\/corporate.pslzero6.net\/#organization\",\"name\":\"Corporate\",\"url\":\"https:\/\/corporate.pslzero6.net\/\",\"logo\":{\"@type\":\"ImageObject\",\"inLanguage\":\"pt-BR\",\"@id\":\"https:\/\/corporate.pslzero6.net\/#\/schema\/logo\/image\/\",\"url\":\"https:\/\/corporate.pslzero6.net\/wp-content\/uploads\/sites\/5\/2024\/11\/Logo-PSL-zerosei.png\",\"contentUrl\":\"https:\/\/corporate.pslzero6.net\/wp-content\/uploads\/sites\/5\/2024\/11\/Logo-PSL-zerosei.png\",\"width\":328,\"height\":152,\"caption\":\"Corporate\"},\"image\":{\"@id\":\"https:\/\/corporate.pslzero6.net\/#\/schema\/logo\/image\/\"}}]}<\/script>\n<!-- \/ Yoast SEO plugin. -->","yoast_head_json":{"title":"Homepage - Corporate","robots":{"index":"noindex","follow":"follow","max-snippet":"max-snippet:-1","max-image-preview":"max-image-preview:large","max-video-preview":"max-video-preview:-1"},"og_locale":"pt_BR","og_type":"article","og_title":"Homepage - Corporate","og_description":"\u00c1rea Corporativa \u2013 Gest\u00e3o da Equipe Educacional PSL Zero6 O PSL Zero6 \u00e9 um projeto dedicado \u00e0 educa\u00e7\u00e3o de crian\u00e7as de 0 a 6 anos, baseado em uma organiza\u00e7\u00e3o estruturada e colaborativa. Dentro do nosso sistema, diversos profissionais trabalham em sinergia para garantir um ambiente educacional de qualidade. \ud83d\udd39 Grupos: As equipes de servi\u00e7os educacionais s\u00e3o compostas por profissionais especializados, como professores, educadores, coordenadores e pedagogos. Cada grupo atua com uma abordagem integrada, garantindo o bem-estar e o desenvolvimento harmonioso das crian\u00e7as. \ud83d\udd39 Colaboradores: Al\u00e9m dos profissionais da educa\u00e7\u00e3o, existem membros da organiza\u00e7\u00e3o ou empresa que contribuem para o projeto sem atuar diretamente nos servi\u00e7os educacionais. Seu papel \u00e9 fundamental para o suporte organizacional, gerencial e administrativo, garantindo efici\u00eancia e qualidade na oferta educacional. Gra\u00e7as a essa estrutura, o PSL Zero6 cria um ecossistema educacional din\u00e2mico e inovador.","og_url":"https:\/\/corporate.pslzero6.net\/pt-br\/","og_site_name":"Corporate","article_modified_time":"2025-10-03T05:47:52+00:00","twitter_card":"summary_large_image","twitter_misc":{"Est. tempo de leitura":"2 minutos"},"schema":{"@context":"https:\/\/schema.org","@graph":[{"@type":"WebPage","@id":"https:\/\/corporate.pslzero6.net\/pt-br\/","url":"https:\/\/corporate.pslzero6.net\/pt-br\/","name":"Homepage - Corporate","isPartOf":{"@id":"https:\/\/corporate.pslzero6.net\/#website"},"datePublished":"2025-05-13T10:15:35+00:00","dateModified":"2025-10-03T05:47:52+00:00","breadcrumb":{"@id":"https:\/\/corporate.pslzero6.net\/pt-br\/#breadcrumb"},"inLanguage":"pt-BR","potentialAction":[{"@type":"ReadAction","target":["https:\/\/corporate.pslzero6.net\/pt-br\/"]}]},{"@type":"BreadcrumbList","@id":"https:\/\/corporate.pslzero6.net\/pt-br\/#breadcrumb","itemListElement":[{"@type":"ListItem","position":1,"name":"Home","item":"https:\/\/corporate.pslzero6.net\/pt-br\/"},{"@type":"ListItem","position":2,"name":"Homepage"}]},{"@type":"WebSite","@id":"https:\/\/corporate.pslzero6.net\/#website","url":"https:\/\/corporate.pslzero6.net\/","name":"Corporate","description":"","publisher":{"@id":"https:\/\/corporate.pslzero6.net\/#organization"},"potentialAction":[{"@type":"SearchAction","target":{"@type":"EntryPoint","urlTemplate":"https:\/\/corporate.pslzero6.net\/?s={search_term_string}"},"query-input":{"@type":"PropertyValueSpecification","valueRequired":true,"valueName":"search_term_string"}}],"inLanguage":"pt-BR"},{"@type":"Organization","@id":"https:\/\/corporate.pslzero6.net\/#organization","name":"Corporate","url":"https:\/\/corporate.pslzero6.net\/","logo":{"@type":"ImageObject","inLanguage":"pt-BR","@id":"https:\/\/corporate.pslzero6.net\/#\/schema\/logo\/image\/","url":"https:\/\/corporate.pslzero6.net\/wp-content\/uploads\/sites\/5\/2024\/11\/Logo-PSL-zerosei.png","contentUrl":"https:\/\/corporate.pslzero6.net\/wp-content\/uploads\/sites\/5\/2024\/11\/Logo-PSL-zerosei.png","width":328,"height":152,"caption":"Corporate"},"image":{"@id":"https:\/\/corporate.pslzero6.net\/#\/schema\/logo\/image\/"}}]}},"_links":{"self":[{"href":"https:\/\/corporate.pslzero6.net\/pt-br\/wp-json\/wp\/v2\/pages\/2405","targetHints":{"allow":["GET"]}}],"collection":[{"href":"https:\/\/corporate.pslzero6.net\/pt-br\/wp-json\/wp\/v2\/pages"}],"about":[{"href":"https:\/\/corporate.pslzero6.net\/pt-br\/wp-json\/wp\/v2\/types\/page"}],"author":[{"embeddable":true,"href":"https:\/\/corporate.pslzero6.net\/pt-br\/wp-json\/wp\/v2\/users\/1"}],"replies":[{"embeddable":true,"href":"https:\/\/corporate.pslzero6.net\/pt-br\/wp-json\/wp\/v2\/comments?post=2405"}],"version-history":[{"count":3,"href":"https:\/\/corporate.pslzero6.net\/pt-br\/wp-json\/wp\/v2\/pages\/2405\/revisions"}],"predecessor-version":[{"id":2414,"href":"https:\/\/corporate.pslzero6.net\/pt-br\/wp-json\/wp\/v2\/pages\/2405\/revisions\/2414"}],"wp:attachment":[{"href":"https:\/\/corporate.pslzero6.net\/pt-br\/wp-json\/wp\/v2\/media?parent=2405"}],"curies":[{"name":"wp","href":"https:\/\/api.w.org\/{rel}","templated":true}]}}