{"id":3663,"date":"2025-05-13T10:15:35","date_gmt":"2025-05-13T10:15:35","guid":{"rendered":"https:\/\/corporate.pslzero6.net\/homepage-2\/"},"modified":"2025-12-18T11:10:46","modified_gmt":"2025-12-18T11:10:46","slug":"homepage-2","status":"publish","type":"page","link":"https:\/\/corporate.pslzero6.net\/fr\/","title":{"rendered":"Homepage"},"content":{"rendered":"\t\t<div data-elementor-type=\"wp-page\" data-elementor-id=\"3663\" class=\"elementor elementor-3663 elementor-1526\">\n\t\t\t\t<div class=\"elementor-element elementor-element-339f557 e-flex e-con-boxed wpr-particle-no wpr-jarallax-no wpr-parallax-no wpr-sticky-section-no e-con e-parent\" data-id=\"339f557\" data-element_type=\"container\">\n\t\t\t\t\t<div class=\"e-con-inner\">\n\t\t<div class=\"elementor-element elementor-element-401a9ec e-con-full e-flex wpr-particle-no wpr-jarallax-no wpr-parallax-no wpr-sticky-section-no e-con e-child\" data-id=\"401a9ec\" data-element_type=\"container\">\n\t\t\t\t<div class=\"elementor-element elementor-element-fe8ee91 elementor-widget elementor-widget-heading\" data-id=\"fe8ee91\" data-element_type=\"widget\" data-widget_type=\"heading.default\">\n\t\t\t\t<div class=\"elementor-widget-container\">\n\t\t\t\t\t<h3 class=\"elementor-heading-title elementor-size-default\">Area Corporate \u2013 Gestion de l'\u00e9quipe p\u00e9dagogique PSL Zero6\n<\/h3>\t\t\t\t<\/div>\n\t\t\t\t<\/div>\n\t\t\t\t<div class=\"elementor-element elementor-element-ac7f022 elementor-widget elementor-widget-text-editor\" data-id=\"ac7f022\" data-element_type=\"widget\" data-widget_type=\"text-editor.default\">\n\t\t\t\t<div class=\"elementor-widget-container\">\n\t\t\t\t\t\t\t\t\t<p>PSL Zero6 est un projet d\u00e9di\u00e9 \u00e0 l&rsquo;\u00e9ducation des enfants de 0 \u00e0 6 ans, reposant sur une organisation structur\u00e9e et collaborative. Au sein de notre syst\u00e8me, diff\u00e9rents professionnels travaillent en synergie pour garantir un environnement \u00e9ducatif de qualit\u00e9.<\/p><p>\ud83d\udd39 <strong>\u00c9quipes<\/strong>\u00a0: Les \u00e9quipes de services \u00e9ducatifs sont compos\u00e9es de professionnels sp\u00e9cialis\u00e9s, tels que des enseignants, des \u00e9ducateurs, des coordinateurs et des p\u00e9dagogues. Chaque \u00e9quipe travaille selon une approche int\u00e9gr\u00e9e, assurant le bien-\u00eatre et le d\u00e9veloppement harmonieux des enfants.<\/p><p>\ud83d\udd39 <strong>Collaborateurs<\/strong>\u00a0: Outre les professionnels de l&rsquo;\u00e9ducation, des membres de l&rsquo;organisation ou de l&rsquo;entreprise contribuent au projet sans intervenir directement dans les services \u00e9ducatifs. Leur r\u00f4le est fondamental pour apporter un soutien organisationnel, manag\u00e9rial et administratif, garantissant ainsi l&rsquo;efficacit\u00e9 et la qualit\u00e9 de l&rsquo;offre \u00e9ducative.<\/p><p>Gr\u00e2ce \u00e0 cette structure, PSL Zero6 cr\u00e9e un \u00e9cosyst\u00e8me \u00e9ducatif dynamique et innovant.<\/p>\t\t\t\t\t\t\t\t<\/div>\n\t\t\t\t<\/div>\n\t\t\t\t<\/div>\n\t\t\t\t\t<\/div>\n\t\t\t\t<\/div>\n\t\t\t\t<\/div>\n\t\t","protected":false},"excerpt":{"rendered":"<p>Area Corporate \u2013 Gestion de l&rsquo;\u00e9quipe p\u00e9dagogique PSL Zero6 PSL Zero6 est un projet d\u00e9di\u00e9 \u00e0 l&rsquo;\u00e9ducation des enfants de 0 \u00e0 6 ans, reposant sur une organisation structur\u00e9e et collaborative. Au sein de notre syst\u00e8me, diff\u00e9rents professionnels travaillent en synergie pour garantir un environnement \u00e9ducatif de qualit\u00e9. \ud83d\udd39 \u00c9quipes\u00a0: Les \u00e9quipes de services \u00e9ducatifs sont compos\u00e9es de professionnels sp\u00e9cialis\u00e9s, tels que des enseignants, des \u00e9ducateurs, des coordinateurs et des p\u00e9dagogues. Chaque \u00e9quipe travaille selon une approche int\u00e9gr\u00e9e, assurant le bien-\u00eatre et le d\u00e9veloppement harmonieux des enfants. \ud83d\udd39 Collaborateurs\u00a0: Outre les professionnels de l&rsquo;\u00e9ducation, des membres de l&rsquo;organisation ou de l&rsquo;entreprise contribuent au projet sans intervenir directement dans les services \u00e9ducatifs. Leur r\u00f4le est fondamental pour apporter un soutien organisationnel, manag\u00e9rial et administratif, garantissant ainsi l&rsquo;efficacit\u00e9 et la qualit\u00e9 de l&rsquo;offre \u00e9ducative. Gr\u00e2ce \u00e0 cette structure, PSL Zero6 cr\u00e9e un \u00e9cosyst\u00e8me \u00e9ducatif dynamique et innovant.<\/p>\n","protected":false},"author":1,"featured_media":0,"parent":0,"menu_order":0,"comment_status":"closed","ping_status":"closed","template":"","meta":{"_acf_changed":false,"inline_featured_image":false,"footnotes":""},"class_list":["post-3663","page","type-page","status-publish","hentry"],"acf":[],"yoast_head":"<!-- This site is optimized with the Yoast SEO plugin v26.1.1 - https:\/\/yoast.com\/wordpress\/plugins\/seo\/ -->\n<title>Homepage - Corporate<\/title>\n<meta name=\"robots\" content=\"noindex, follow, max-snippet:-1, max-image-preview:large, max-video-preview:-1\" \/>\n<meta property=\"og:locale\" content=\"fr_FR\" \/>\n<meta property=\"og:type\" content=\"article\" \/>\n<meta property=\"og:title\" content=\"Homepage - Corporate\" \/>\n<meta property=\"og:description\" content=\"Area Corporate \u2013 Gestion de l&rsquo;\u00e9quipe p\u00e9dagogique PSL Zero6 PSL Zero6 est un projet d\u00e9di\u00e9 \u00e0 l&rsquo;\u00e9ducation des enfants de 0 \u00e0 6 ans, reposant sur une organisation structur\u00e9e et collaborative. Au sein de notre syst\u00e8me, diff\u00e9rents professionnels travaillent en synergie pour garantir un environnement \u00e9ducatif de qualit\u00e9. \ud83d\udd39 \u00c9quipes\u00a0: Les \u00e9quipes de services \u00e9ducatifs sont compos\u00e9es de professionnels sp\u00e9cialis\u00e9s, tels que des enseignants, des \u00e9ducateurs, des coordinateurs et des p\u00e9dagogues. Chaque \u00e9quipe travaille selon une approche int\u00e9gr\u00e9e, assurant le bien-\u00eatre et le d\u00e9veloppement harmonieux des enfants. \ud83d\udd39 Collaborateurs\u00a0: Outre les professionnels de l&rsquo;\u00e9ducation, des membres de l&rsquo;organisation ou de l&rsquo;entreprise contribuent au projet sans intervenir directement dans les services \u00e9ducatifs. Leur r\u00f4le est fondamental pour apporter un soutien organisationnel, manag\u00e9rial et administratif, garantissant ainsi l&rsquo;efficacit\u00e9 et la qualit\u00e9 de l&rsquo;offre \u00e9ducative. Gr\u00e2ce \u00e0 cette structure, PSL Zero6 cr\u00e9e un \u00e9cosyst\u00e8me \u00e9ducatif dynamique et innovant.\" \/>\n<meta property=\"og:url\" content=\"https:\/\/corporate.pslzero6.net\/fr\/\" \/>\n<meta property=\"og:site_name\" content=\"Corporate\" \/>\n<meta property=\"article:modified_time\" content=\"2025-12-18T11:10:46+00:00\" \/>\n<meta name=\"twitter:card\" content=\"summary_large_image\" \/>\n<meta name=\"twitter:label1\" content=\"Dur\u00e9e de lecture estim\u00e9e\" \/>\n\t<meta name=\"twitter:data1\" content=\"2 minutes\" \/>\n<script type=\"application\/ld+json\" class=\"yoast-schema-graph\">{\"@context\":\"https:\/\/schema.org\",\"@graph\":[{\"@type\":\"WebPage\",\"@id\":\"https:\/\/corporate.pslzero6.net\/fr\/\",\"url\":\"https:\/\/corporate.pslzero6.net\/fr\/\",\"name\":\"Homepage - Corporate\",\"isPartOf\":{\"@id\":\"https:\/\/corporate.pslzero6.net\/#website\"},\"datePublished\":\"2025-05-13T10:15:35+00:00\",\"dateModified\":\"2025-12-18T11:10:46+00:00\",\"breadcrumb\":{\"@id\":\"https:\/\/corporate.pslzero6.net\/fr\/#breadcrumb\"},\"inLanguage\":\"fr-FR\",\"potentialAction\":[{\"@type\":\"ReadAction\",\"target\":[\"https:\/\/corporate.pslzero6.net\/fr\/\"]}]},{\"@type\":\"BreadcrumbList\",\"@id\":\"https:\/\/corporate.pslzero6.net\/fr\/#breadcrumb\",\"itemListElement\":[{\"@type\":\"ListItem\",\"position\":1,\"name\":\"Home\",\"item\":\"https:\/\/corporate.pslzero6.net\/fr\/\"},{\"@type\":\"ListItem\",\"position\":2,\"name\":\"Homepage\"}]},{\"@type\":\"WebSite\",\"@id\":\"https:\/\/corporate.pslzero6.net\/#website\",\"url\":\"https:\/\/corporate.pslzero6.net\/\",\"name\":\"Corporate\",\"description\":\"\",\"publisher\":{\"@id\":\"https:\/\/corporate.pslzero6.net\/#organization\"},\"potentialAction\":[{\"@type\":\"SearchAction\",\"target\":{\"@type\":\"EntryPoint\",\"urlTemplate\":\"https:\/\/corporate.pslzero6.net\/?s={search_term_string}\"},\"query-input\":{\"@type\":\"PropertyValueSpecification\",\"valueRequired\":true,\"valueName\":\"search_term_string\"}}],\"inLanguage\":\"fr-FR\"},{\"@type\":\"Organization\",\"@id\":\"https:\/\/corporate.pslzero6.net\/#organization\",\"name\":\"Corporate\",\"url\":\"https:\/\/corporate.pslzero6.net\/\",\"logo\":{\"@type\":\"ImageObject\",\"inLanguage\":\"fr-FR\",\"@id\":\"https:\/\/corporate.pslzero6.net\/#\/schema\/logo\/image\/\",\"url\":\"https:\/\/corporate.pslzero6.net\/wp-content\/uploads\/sites\/5\/2024\/11\/Logo-PSL-zerosei.png\",\"contentUrl\":\"https:\/\/corporate.pslzero6.net\/wp-content\/uploads\/sites\/5\/2024\/11\/Logo-PSL-zerosei.png\",\"width\":328,\"height\":152,\"caption\":\"Corporate\"},\"image\":{\"@id\":\"https:\/\/corporate.pslzero6.net\/#\/schema\/logo\/image\/\"}}]}<\/script>\n<!-- \/ Yoast SEO plugin. -->","yoast_head_json":{"title":"Homepage - Corporate","robots":{"index":"noindex","follow":"follow","max-snippet":"max-snippet:-1","max-image-preview":"max-image-preview:large","max-video-preview":"max-video-preview:-1"},"og_locale":"fr_FR","og_type":"article","og_title":"Homepage - Corporate","og_description":"Area Corporate \u2013 Gestion de l&rsquo;\u00e9quipe p\u00e9dagogique PSL Zero6 PSL Zero6 est un projet d\u00e9di\u00e9 \u00e0 l&rsquo;\u00e9ducation des enfants de 0 \u00e0 6 ans, reposant sur une organisation structur\u00e9e et collaborative. Au sein de notre syst\u00e8me, diff\u00e9rents professionnels travaillent en synergie pour garantir un environnement \u00e9ducatif de qualit\u00e9. \ud83d\udd39 \u00c9quipes\u00a0: Les \u00e9quipes de services \u00e9ducatifs sont compos\u00e9es de professionnels sp\u00e9cialis\u00e9s, tels que des enseignants, des \u00e9ducateurs, des coordinateurs et des p\u00e9dagogues. Chaque \u00e9quipe travaille selon une approche int\u00e9gr\u00e9e, assurant le bien-\u00eatre et le d\u00e9veloppement harmonieux des enfants. \ud83d\udd39 Collaborateurs\u00a0: Outre les professionnels de l&rsquo;\u00e9ducation, des membres de l&rsquo;organisation ou de l&rsquo;entreprise contribuent au projet sans intervenir directement dans les services \u00e9ducatifs. Leur r\u00f4le est fondamental pour apporter un soutien organisationnel, manag\u00e9rial et administratif, garantissant ainsi l&rsquo;efficacit\u00e9 et la qualit\u00e9 de l&rsquo;offre \u00e9ducative. Gr\u00e2ce \u00e0 cette structure, PSL Zero6 cr\u00e9e un \u00e9cosyst\u00e8me \u00e9ducatif dynamique et innovant.","og_url":"https:\/\/corporate.pslzero6.net\/fr\/","og_site_name":"Corporate","article_modified_time":"2025-12-18T11:10:46+00:00","twitter_card":"summary_large_image","twitter_misc":{"Dur\u00e9e de lecture estim\u00e9e":"2 minutes"},"schema":{"@context":"https:\/\/schema.org","@graph":[{"@type":"WebPage","@id":"https:\/\/corporate.pslzero6.net\/fr\/","url":"https:\/\/corporate.pslzero6.net\/fr\/","name":"Homepage - Corporate","isPartOf":{"@id":"https:\/\/corporate.pslzero6.net\/#website"},"datePublished":"2025-05-13T10:15:35+00:00","dateModified":"2025-12-18T11:10:46+00:00","breadcrumb":{"@id":"https:\/\/corporate.pslzero6.net\/fr\/#breadcrumb"},"inLanguage":"fr-FR","potentialAction":[{"@type":"ReadAction","target":["https:\/\/corporate.pslzero6.net\/fr\/"]}]},{"@type":"BreadcrumbList","@id":"https:\/\/corporate.pslzero6.net\/fr\/#breadcrumb","itemListElement":[{"@type":"ListItem","position":1,"name":"Home","item":"https:\/\/corporate.pslzero6.net\/fr\/"},{"@type":"ListItem","position":2,"name":"Homepage"}]},{"@type":"WebSite","@id":"https:\/\/corporate.pslzero6.net\/#website","url":"https:\/\/corporate.pslzero6.net\/","name":"Corporate","description":"","publisher":{"@id":"https:\/\/corporate.pslzero6.net\/#organization"},"potentialAction":[{"@type":"SearchAction","target":{"@type":"EntryPoint","urlTemplate":"https:\/\/corporate.pslzero6.net\/?s={search_term_string}"},"query-input":{"@type":"PropertyValueSpecification","valueRequired":true,"valueName":"search_term_string"}}],"inLanguage":"fr-FR"},{"@type":"Organization","@id":"https:\/\/corporate.pslzero6.net\/#organization","name":"Corporate","url":"https:\/\/corporate.pslzero6.net\/","logo":{"@type":"ImageObject","inLanguage":"fr-FR","@id":"https:\/\/corporate.pslzero6.net\/#\/schema\/logo\/image\/","url":"https:\/\/corporate.pslzero6.net\/wp-content\/uploads\/sites\/5\/2024\/11\/Logo-PSL-zerosei.png","contentUrl":"https:\/\/corporate.pslzero6.net\/wp-content\/uploads\/sites\/5\/2024\/11\/Logo-PSL-zerosei.png","width":328,"height":152,"caption":"Corporate"},"image":{"@id":"https:\/\/corporate.pslzero6.net\/#\/schema\/logo\/image\/"}}]}},"_links":{"self":[{"href":"https:\/\/corporate.pslzero6.net\/fr\/wp-json\/wp\/v2\/pages\/3663","targetHints":{"allow":["GET"]}}],"collection":[{"href":"https:\/\/corporate.pslzero6.net\/fr\/wp-json\/wp\/v2\/pages"}],"about":[{"href":"https:\/\/corporate.pslzero6.net\/fr\/wp-json\/wp\/v2\/types\/page"}],"author":[{"embeddable":true,"href":"https:\/\/corporate.pslzero6.net\/fr\/wp-json\/wp\/v2\/users\/1"}],"replies":[{"embeddable":true,"href":"https:\/\/corporate.pslzero6.net\/fr\/wp-json\/wp\/v2\/comments?post=3663"}],"version-history":[{"count":3,"href":"https:\/\/corporate.pslzero6.net\/fr\/wp-json\/wp\/v2\/pages\/3663\/revisions"}],"predecessor-version":[{"id":3666,"href":"https:\/\/corporate.pslzero6.net\/fr\/wp-json\/wp\/v2\/pages\/3663\/revisions\/3666"}],"wp:attachment":[{"href":"https:\/\/corporate.pslzero6.net\/fr\/wp-json\/wp\/v2\/media?parent=3663"}],"curies":[{"name":"wp","href":"https:\/\/api.w.org\/{rel}","templated":true}]}}